{"id":44,"date":"2024-07-31T10:49:07","date_gmt":"2024-07-31T08:49:07","guid":{"rendered":"https:\/\/art-et-therapie-descouleurs.fr\/?page_id=44"},"modified":"2024-09-23T18:38:20","modified_gmt":"2024-09-23T16:38:20","slug":"interventions-exterieures","status":"publish","type":"page","link":"https:\/\/art-et-therapie-descouleurs.fr\/index.php\/interventions-exterieures\/","title":{"rendered":"Interventions ext\u00e9rieures"},"content":{"rendered":"\t\t<div data-elementor-type=\"wp-page\" data-elementor-id=\"44\" class=\"elementor elementor-44\">\n\t\t\t\t<div class=\"elementor-element elementor-element-32898a2 e-flex e-con-boxed e-con e-parent\" data-id=\"32898a2\" data-element_type=\"container\">\n\t\t\t\t\t<div class=\"e-con-inner\">\n\t\t\t\t<div class=\"elementor-element elementor-element-a04801f elementor-widget elementor-widget-heading\" data-id=\"a04801f\" data-element_type=\"widget\" data-widget_type=\"heading.default\">\n\t\t\t\t<div class=\"elementor-widget-container\">\n\t\t\t<style>\/*! elementor - v3.23.0 - 25-07-2024 *\/\n.elementor-heading-title{padding:0;margin:0;line-height:1}.elementor-widget-heading .elementor-heading-title[class*=elementor-size-]>a{color:inherit;font-size:inherit;line-height:inherit}.elementor-widget-heading .elementor-heading-title.elementor-size-small{font-size:15px}.elementor-widget-heading .elementor-heading-title.elementor-size-medium{font-size:19px}.elementor-widget-heading .elementor-heading-title.elementor-size-large{font-size:29px}.elementor-widget-heading .elementor-heading-title.elementor-size-xl{font-size:39px}.elementor-widget-heading .elementor-heading-title.elementor-size-xxl{font-size:59px}<\/style><h1 class=\"elementor-heading-title elementor-size-default\">Interventions ext\u00e9rieures<\/h1>\t\t<\/div>\n\t\t\t\t<\/div>\n\t\t\t\t\t<\/div>\n\t\t\t\t<\/div>\n\t\t<div class=\"elementor-element elementor-element-715ce77 e-flex e-con-boxed e-con e-parent\" data-id=\"715ce77\" data-element_type=\"container\">\n\t\t\t\t\t<div class=\"e-con-inner\">\n\t\t<div class=\"elementor-element elementor-element-9902329 e-con-full e-flex e-con e-child\" data-id=\"9902329\" data-element_type=\"container\">\n\t\t\t\t<div class=\"elementor-element elementor-element-967a9ce elementor-widget elementor-widget-heading\" data-id=\"967a9ce\" data-element_type=\"widget\" data-widget_type=\"heading.default\">\n\t\t\t\t<div class=\"elementor-widget-container\">\n\t\t\t<h2 class=\"elementor-heading-title elementor-size-default\">Quels domaines d'interventions ?<\/h2>\t\t<\/div>\n\t\t\t\t<\/div>\n\t\t\t\t<div class=\"elementor-element elementor-element-1d7b9c4 elementor-widget elementor-widget-text-editor\" data-id=\"1d7b9c4\" data-element_type=\"widget\" data-widget_type=\"text-editor.default\">\n\t\t\t\t<div class=\"elementor-widget-container\">\n\t\t\t<style>\/*! elementor - v3.23.0 - 25-07-2024 *\/\n.elementor-widget-text-editor.elementor-drop-cap-view-stacked .elementor-drop-cap{background-color:#69727d;color:#fff}.elementor-widget-text-editor.elementor-drop-cap-view-framed .elementor-drop-cap{color:#69727d;border:3px solid;background-color:transparent}.elementor-widget-text-editor:not(.elementor-drop-cap-view-default) .elementor-drop-cap{margin-top:8px}.elementor-widget-text-editor:not(.elementor-drop-cap-view-default) .elementor-drop-cap-letter{width:1em;height:1em}.elementor-widget-text-editor .elementor-drop-cap{float:left;text-align:center;line-height:1;font-size:50px}.elementor-widget-text-editor .elementor-drop-cap-letter{display:inline-block}<\/style>\t\t\t\t<ul><li>S\u00e9ances collectives d&rsquo;art-th\u00e9rapie en institutions et collectivit\u00e9s<\/li><li>Animation et m\u00e9diation, enfants et famille pour vos \u00e9v\u00e8nements<\/li><\/ul>\t\t\t\t\t\t<\/div>\n\t\t\t\t<\/div>\n\t\t\t\t<\/div>\n\t\t<div class=\"elementor-element elementor-element-a381529 e-con-full e-flex e-con e-child\" data-id=\"a381529\" data-element_type=\"container\">\n\t\t\t\t<div class=\"elementor-element elementor-element-45b8bf5 elementor-widget elementor-widget-text-editor\" data-id=\"45b8bf5\" data-element_type=\"widget\" data-widget_type=\"text-editor.default\">\n\t\t\t\t<div class=\"elementor-widget-container\">\n\t\t\t\t\t\t\t<p>Et pour vos \u00e9v\u00e8nements d&rsquo;entreprises&#8230;<\/p><ul><li>R\u00e9alisation d&rsquo;une fresque d&rsquo;entreprise avec Wakanda coach. Site : https:\/\/Wakanda.coach.fr<\/li><\/ul>\t\t\t\t\t\t<\/div>\n\t\t\t\t<\/div>\n\t\t\t\t<\/div>\n\t\t\t\t\t<\/div>\n\t\t\t\t<\/div>\n\t\t<div class=\"elementor-element elementor-element-0c156c8 e-flex e-con-boxed e-con e-parent\" data-id=\"0c156c8\" data-element_type=\"container\">\n\t\t\t\t\t<div class=\"e-con-inner\">\n\t\t\t\t<div class=\"elementor-element elementor-element-20aef4c elementor-widget elementor-widget-heading\" data-id=\"20aef4c\" data-element_type=\"widget\" data-widget_type=\"heading.default\">\n\t\t\t\t<div class=\"elementor-widget-container\">\n\t\t\t<h2 class=\"elementor-heading-title elementor-size-default\">Art-th\u00e9rapie<\/h2>\t\t<\/div>\n\t\t\t\t<\/div>\n\t\t\t\t\t<\/div>\n\t\t\t\t<\/div>\n\t\t<div class=\"elementor-element elementor-element-64d95db e-flex e-con-boxed e-con e-parent\" data-id=\"64d95db\" data-element_type=\"container\">\n\t\t\t\t\t<div class=\"e-con-inner\">\n\t\t<div class=\"elementor-element elementor-element-5987c6a e-con-full e-flex e-con e-child\" data-id=\"5987c6a\" data-element_type=\"container\">\n\t\t\t\t<div class=\"elementor-element elementor-element-33165e8 elementor-widget elementor-widget-image\" data-id=\"33165e8\" data-element_type=\"widget\" data-widget_type=\"image.default\">\n\t\t\t\t<div class=\"elementor-widget-container\">\n\t\t\t<style>\/*! elementor - v3.23.0 - 25-07-2024 *\/\n.elementor-widget-image{text-align:center}.elementor-widget-image a{display:inline-block}.elementor-widget-image a img[src$=\".svg\"]{width:48px}.elementor-widget-image img{vertical-align:middle;display:inline-block}<\/style>\t\t\t\t\t\t\t\t\t\t<img fetchpriority=\"high\" decoding=\"async\" width=\"1000\" height=\"800\" src=\"https:\/\/art-et-therapie-descouleurs.fr\/wp-content\/uploads\/2024\/07\/Color-Happy-3.jpg\" class=\"attachment-large size-large wp-image-396\" alt=\"\" srcset=\"https:\/\/art-et-therapie-descouleurs.fr\/wp-content\/uploads\/2024\/07\/Color-Happy-3.jpg 1000w, https:\/\/art-et-therapie-descouleurs.fr\/wp-content\/uploads\/2024\/07\/Color-Happy-3-300x240.jpg 300w, https:\/\/art-et-therapie-descouleurs.fr\/wp-content\/uploads\/2024\/07\/Color-Happy-3-768x614.jpg 768w\" sizes=\"(max-width: 1000px) 100vw, 1000px\" \/>\t\t\t\t\t\t\t\t\t\t\t\t\t<\/div>\n\t\t\t\t<\/div>\n\t\t\t\t<div class=\"elementor-element elementor-element-9a99d87 elementor-widget elementor-widget-text-editor\" data-id=\"9a99d87\" data-element_type=\"widget\" data-widget_type=\"text-editor.default\">\n\t\t\t\t<div class=\"elementor-widget-container\">\n\t\t\t\t\t\t\t<p>S\u00e9ances Art-th\u00e9rapie Seniors<\/p>\t\t\t\t\t\t<\/div>\n\t\t\t\t<\/div>\n\t\t\t\t<\/div>\n\t\t<div class=\"elementor-element elementor-element-74a2c49 e-con-full e-flex e-con e-child\" data-id=\"74a2c49\" data-element_type=\"container\">\n\t\t\t\t<div class=\"elementor-element elementor-element-e9be118 elementor-widget elementor-widget-image\" data-id=\"e9be118\" data-element_type=\"widget\" data-widget_type=\"image.default\">\n\t\t\t\t<div class=\"elementor-widget-container\">\n\t\t\t\t\t\t\t\t\t\t\t\t\t<img decoding=\"async\" width=\"1000\" height=\"800\" src=\"https:\/\/art-et-therapie-descouleurs.fr\/wp-content\/uploads\/2024\/07\/Color-Happy-5.jpg\" class=\"attachment-large size-large wp-image-405\" alt=\"\" srcset=\"https:\/\/art-et-therapie-descouleurs.fr\/wp-content\/uploads\/2024\/07\/Color-Happy-5.jpg 1000w, https:\/\/art-et-therapie-descouleurs.fr\/wp-content\/uploads\/2024\/07\/Color-Happy-5-300x240.jpg 300w, https:\/\/art-et-therapie-descouleurs.fr\/wp-content\/uploads\/2024\/07\/Color-Happy-5-768x614.jpg 768w\" sizes=\"(max-width: 1000px) 100vw, 1000px\" \/>\t\t\t\t\t\t\t\t\t\t\t\t\t<\/div>\n\t\t\t\t<\/div>\n\t\t\t\t<div class=\"elementor-element elementor-element-ab197fb elementor-widget elementor-widget-text-editor\" data-id=\"ab197fb\" data-element_type=\"widget\" data-widget_type=\"text-editor.default\">\n\t\t\t\t<div class=\"elementor-widget-container\">\n\t\t\t\t\t\t\t<p>S\u00e9ances Art-th\u00e9rapie Adoslescents<\/p>\t\t\t\t\t\t<\/div>\n\t\t\t\t<\/div>\n\t\t\t\t<\/div>\n\t\t<div class=\"elementor-element elementor-element-37a34a5 e-con-full e-flex e-con e-child\" data-id=\"37a34a5\" data-element_type=\"container\">\n\t\t\t\t<div class=\"elementor-element elementor-element-9983762 elementor-widget elementor-widget-image\" data-id=\"9983762\" data-element_type=\"widget\" data-widget_type=\"image.default\">\n\t\t\t\t<div class=\"elementor-widget-container\">\n\t\t\t\t\t\t\t\t\t\t\t\t\t<img decoding=\"async\" width=\"1000\" height=\"800\" src=\"https:\/\/art-et-therapie-descouleurs.fr\/wp-content\/uploads\/2024\/07\/Design-sans-titre-10.jpg\" class=\"attachment-large size-large wp-image-125\" alt=\"\" srcset=\"https:\/\/art-et-therapie-descouleurs.fr\/wp-content\/uploads\/2024\/07\/Design-sans-titre-10.jpg 1000w, https:\/\/art-et-therapie-descouleurs.fr\/wp-content\/uploads\/2024\/07\/Design-sans-titre-10-300x240.jpg 300w, https:\/\/art-et-therapie-descouleurs.fr\/wp-content\/uploads\/2024\/07\/Design-sans-titre-10-768x614.jpg 768w\" sizes=\"(max-width: 1000px) 100vw, 1000px\" \/>\t\t\t\t\t\t\t\t\t\t\t\t\t<\/div>\n\t\t\t\t<\/div>\n\t\t\t\t<div class=\"elementor-element elementor-element-2a4ccf1 elementor-widget elementor-widget-text-editor\" data-id=\"2a4ccf1\" data-element_type=\"widget\" data-widget_type=\"text-editor.default\">\n\t\t\t\t<div class=\"elementor-widget-container\">\n\t\t\t\t\t\t\t<p>S\u00e9ances Art-th\u00e9rapie \u00ab\u00a0tout public\u00a0\u00bb<\/p>\t\t\t\t\t\t<\/div>\n\t\t\t\t<\/div>\n\t\t\t\t<\/div>\n\t\t\t\t\t<\/div>\n\t\t\t\t<\/div>\n\t\t<div class=\"elementor-element elementor-element-24e5258 e-flex e-con-boxed e-con e-parent\" data-id=\"24e5258\" data-element_type=\"container\">\n\t\t\t\t\t<div class=\"e-con-inner\">\n\t\t\t\t<div class=\"elementor-element elementor-element-9b99e9e elementor-widget elementor-widget-heading\" data-id=\"9b99e9e\" data-element_type=\"widget\" data-widget_type=\"heading.default\">\n\t\t\t\t<div class=\"elementor-widget-container\">\n\t\t\t<h2 class=\"elementor-heading-title elementor-size-default\">Arts-plastiques<\/h2>\t\t<\/div>\n\t\t\t\t<\/div>\n\t\t\t\t\t<\/div>\n\t\t\t\t<\/div>\n\t\t<div class=\"elementor-element elementor-element-9b09040 e-flex e-con-boxed e-con e-parent\" data-id=\"9b09040\" data-element_type=\"container\">\n\t\t\t\t\t<div class=\"e-con-inner\">\n\t\t<div class=\"elementor-element elementor-element-4cba6d0 e-con-full e-flex e-con e-child\" data-id=\"4cba6d0\" data-element_type=\"container\">\n\t\t\t\t<div class=\"elementor-element elementor-element-045287a elementor-widget elementor-widget-image\" data-id=\"045287a\" data-element_type=\"widget\" data-widget_type=\"image.default\">\n\t\t\t\t<div class=\"elementor-widget-container\">\n\t\t\t\t\t\t\t\t\t\t\t\t\t<img loading=\"lazy\" decoding=\"async\" width=\"1000\" height=\"800\" src=\"https:\/\/art-et-therapie-descouleurs.fr\/wp-content\/uploads\/2024\/07\/Design-sans-titre-12-1.jpg\" class=\"attachment-large size-large wp-image-401\" alt=\"\" srcset=\"https:\/\/art-et-therapie-descouleurs.fr\/wp-content\/uploads\/2024\/07\/Design-sans-titre-12-1.jpg 1000w, https:\/\/art-et-therapie-descouleurs.fr\/wp-content\/uploads\/2024\/07\/Design-sans-titre-12-1-300x240.jpg 300w, https:\/\/art-et-therapie-descouleurs.fr\/wp-content\/uploads\/2024\/07\/Design-sans-titre-12-1-768x614.jpg 768w\" sizes=\"(max-width: 1000px) 100vw, 1000px\" \/>\t\t\t\t\t\t\t\t\t\t\t\t\t<\/div>\n\t\t\t\t<\/div>\n\t\t\t\t<div class=\"elementor-element elementor-element-4d6e620 elementor-widget elementor-widget-text-editor\" data-id=\"4d6e620\" data-element_type=\"widget\" data-widget_type=\"text-editor.default\">\n\t\t\t\t<div class=\"elementor-widget-container\">\n\t\t\t\t\t\t\t<p>Animation et m\u00e9diation artistique enfants<\/p>\t\t\t\t\t\t<\/div>\n\t\t\t\t<\/div>\n\t\t\t\t<\/div>\n\t\t<div class=\"elementor-element elementor-element-1f902ca e-con-full e-flex e-con e-child\" data-id=\"1f902ca\" data-element_type=\"container\">\n\t\t\t\t<div class=\"elementor-element elementor-element-092d14b elementor-widget elementor-widget-image\" data-id=\"092d14b\" data-element_type=\"widget\" data-widget_type=\"image.default\">\n\t\t\t\t<div class=\"elementor-widget-container\">\n\t\t\t\t\t\t\t\t\t\t\t\t\t<img loading=\"lazy\" decoding=\"async\" width=\"1000\" height=\"800\" src=\"https:\/\/art-et-therapie-descouleurs.fr\/wp-content\/uploads\/2024\/07\/Design-sans-titre-16.jpg\" class=\"attachment-large size-large wp-image-378\" alt=\"\" srcset=\"https:\/\/art-et-therapie-descouleurs.fr\/wp-content\/uploads\/2024\/07\/Design-sans-titre-16.jpg 1000w, https:\/\/art-et-therapie-descouleurs.fr\/wp-content\/uploads\/2024\/07\/Design-sans-titre-16-300x240.jpg 300w, https:\/\/art-et-therapie-descouleurs.fr\/wp-content\/uploads\/2024\/07\/Design-sans-titre-16-768x614.jpg 768w\" sizes=\"(max-width: 1000px) 100vw, 1000px\" \/>\t\t\t\t\t\t\t\t\t\t\t\t\t<\/div>\n\t\t\t\t<\/div>\n\t\t\t\t<div class=\"elementor-element elementor-element-49ae5eb elementor-widget elementor-widget-text-editor\" data-id=\"49ae5eb\" data-element_type=\"widget\" data-widget_type=\"text-editor.default\">\n\t\t\t\t<div class=\"elementor-widget-container\">\n\t\t\t\t\t\t\t<p>Atelier familles<\/p>\t\t\t\t\t\t<\/div>\n\t\t\t\t<\/div>\n\t\t\t\t<\/div>\n\t\t<div class=\"elementor-element elementor-element-8509e98 e-con-full e-flex e-con e-child\" data-id=\"8509e98\" data-element_type=\"container\">\n\t\t\t\t<div class=\"elementor-element elementor-element-105ad3b elementor-widget elementor-widget-image\" data-id=\"105ad3b\" data-element_type=\"widget\" data-widget_type=\"image.default\">\n\t\t\t\t<div class=\"elementor-widget-container\">\n\t\t\t\t\t\t\t\t\t\t\t\t\t<img loading=\"lazy\" decoding=\"async\" width=\"1000\" height=\"800\" src=\"https:\/\/art-et-therapie-descouleurs.fr\/wp-content\/uploads\/2024\/07\/Design-sans-titre-14.jpg\" class=\"attachment-large size-large wp-image-380\" alt=\"\" srcset=\"https:\/\/art-et-therapie-descouleurs.fr\/wp-content\/uploads\/2024\/07\/Design-sans-titre-14.jpg 1000w, https:\/\/art-et-therapie-descouleurs.fr\/wp-content\/uploads\/2024\/07\/Design-sans-titre-14-300x240.jpg 300w, https:\/\/art-et-therapie-descouleurs.fr\/wp-content\/uploads\/2024\/07\/Design-sans-titre-14-768x614.jpg 768w\" sizes=\"(max-width: 1000px) 100vw, 1000px\" \/>\t\t\t\t\t\t\t\t\t\t\t\t\t<\/div>\n\t\t\t\t<\/div>\n\t\t\t\t<div class=\"elementor-element elementor-element-9ec74c1 elementor-widget elementor-widget-text-editor\" data-id=\"9ec74c1\" data-element_type=\"widget\" data-widget_type=\"text-editor.default\">\n\t\t\t\t<div class=\"elementor-widget-container\">\n\t\t\t\t\t\t\t<p>Atelier familles<\/p>\t\t\t\t\t\t<\/div>\n\t\t\t\t<\/div>\n\t\t\t\t<\/div>\n\t\t\t\t\t<\/div>\n\t\t\t\t<\/div>\n\t\t<div class=\"elementor-element elementor-element-d3694a1 e-flex e-con-boxed e-con e-parent\" data-id=\"d3694a1\" data-element_type=\"container\">\n\t\t\t\t\t<div class=\"e-con-inner\">\n\t\t\t\t<div class=\"elementor-element elementor-element-38fbe9d elementor-widget elementor-widget-heading\" data-id=\"38fbe9d\" data-element_type=\"widget\" data-widget_type=\"heading.default\">\n\t\t\t\t<div class=\"elementor-widget-container\">\n\t\t\t<h2 class=\"elementor-heading-title elementor-size-default\">Vos \u00e9v\u00e8nements \"Team building\" - La fresque d'entreprise avec Wakanda coach<\/h2>\t\t<\/div>\n\t\t\t\t<\/div>\n\t\t\t\t\t<\/div>\n\t\t\t\t<\/div>\n\t\t<div class=\"elementor-element elementor-element-df456ee e-flex e-con-boxed e-con e-parent\" data-id=\"df456ee\" data-element_type=\"container\">\n\t\t\t\t\t<div class=\"e-con-inner\">\n\t\t<div class=\"elementor-element elementor-element-04d12ac e-con-full e-flex e-con e-child\" data-id=\"04d12ac\" data-element_type=\"container\">\n\t\t\t\t<div class=\"elementor-element elementor-element-0b750b8 elementor-widget elementor-widget-image\" data-id=\"0b750b8\" data-element_type=\"widget\" data-widget_type=\"image.default\">\n\t\t\t\t<div class=\"elementor-widget-container\">\n\t\t\t\t\t\t\t\t\t\t\t\t\t<img loading=\"lazy\" decoding=\"async\" width=\"1000\" height=\"800\" src=\"https:\/\/art-et-therapie-descouleurs.fr\/wp-content\/uploads\/2024\/09\/Design-sans-titre-1.png\" class=\"attachment-large size-large wp-image-655\" alt=\"\" srcset=\"https:\/\/art-et-therapie-descouleurs.fr\/wp-content\/uploads\/2024\/09\/Design-sans-titre-1.png 1000w, https:\/\/art-et-therapie-descouleurs.fr\/wp-content\/uploads\/2024\/09\/Design-sans-titre-1-300x240.png 300w, https:\/\/art-et-therapie-descouleurs.fr\/wp-content\/uploads\/2024\/09\/Design-sans-titre-1-768x614.png 768w\" sizes=\"(max-width: 1000px) 100vw, 1000px\" \/>\t\t\t\t\t\t\t\t\t\t\t\t\t<\/div>\n\t\t\t\t<\/div>\n\t\t\t\t<div class=\"elementor-element elementor-element-5442a59 elementor-widget elementor-widget-text-editor\" data-id=\"5442a59\" data-element_type=\"widget\" data-widget_type=\"text-editor.default\">\n\t\t\t\t<div class=\"elementor-widget-container\">\n\t\t\t\t\t\t\t<p>R\u00e9alisation de la fresque apr\u00e8s le brainstorming sur le th\u00e8me d&rsquo;entreprise de votre choix&#8230;<\/p>\t\t\t\t\t\t<\/div>\n\t\t\t\t<\/div>\n\t\t\t\t<\/div>\n\t\t<div class=\"elementor-element elementor-element-1a70fda e-con-full e-flex e-con e-child\" data-id=\"1a70fda\" data-element_type=\"container\">\n\t\t\t\t<div class=\"elementor-element elementor-element-d439973 elementor-widget elementor-widget-image\" data-id=\"d439973\" data-element_type=\"widget\" data-widget_type=\"image.default\">\n\t\t\t\t<div class=\"elementor-widget-container\">\n\t\t\t\t\t\t\t\t\t\t\t\t\t<img loading=\"lazy\" decoding=\"async\" width=\"1000\" height=\"800\" src=\"https:\/\/art-et-therapie-descouleurs.fr\/wp-content\/uploads\/2024\/09\/Design-sans-titre.png\" class=\"attachment-large size-large wp-image-656\" alt=\"\" srcset=\"https:\/\/art-et-therapie-descouleurs.fr\/wp-content\/uploads\/2024\/09\/Design-sans-titre.png 1000w, https:\/\/art-et-therapie-descouleurs.fr\/wp-content\/uploads\/2024\/09\/Design-sans-titre-300x240.png 300w, https:\/\/art-et-therapie-descouleurs.fr\/wp-content\/uploads\/2024\/09\/Design-sans-titre-768x614.png 768w\" sizes=\"(max-width: 1000px) 100vw, 1000px\" \/>\t\t\t\t\t\t\t\t\t\t\t\t\t<\/div>\n\t\t\t\t<\/div>\n\t\t\t\t<div class=\"elementor-element elementor-element-0ae2bf8 elementor-widget elementor-widget-text-editor\" data-id=\"0ae2bf8\" data-element_type=\"widget\" data-widget_type=\"text-editor.default\">\n\t\t\t\t<div class=\"elementor-widget-container\">\n\t\t\t\t\t\t\t<p>A la mani\u00e8re d&rsquo;un peintre ou courant artistique majeure&#8230;<\/p>\t\t\t\t\t\t<\/div>\n\t\t\t\t<\/div>\n\t\t\t\t<\/div>\n\t\t<div class=\"elementor-element elementor-element-8cc2bea e-con-full e-flex e-con e-child\" data-id=\"8cc2bea\" data-element_type=\"container\">\n\t\t\t\t<div class=\"elementor-element elementor-element-156fd92 elementor-widget elementor-widget-image\" data-id=\"156fd92\" data-element_type=\"widget\" data-widget_type=\"image.default\">\n\t\t\t\t<div class=\"elementor-widget-container\">\n\t\t\t\t\t\t\t\t\t\t\t\t\t<img loading=\"lazy\" decoding=\"async\" width=\"1000\" height=\"800\" src=\"https:\/\/art-et-therapie-descouleurs.fr\/wp-content\/uploads\/2024\/09\/Design-sans-titre-3.png\" class=\"attachment-large size-large wp-image-653\" alt=\"\" srcset=\"https:\/\/art-et-therapie-descouleurs.fr\/wp-content\/uploads\/2024\/09\/Design-sans-titre-3.png 1000w, https:\/\/art-et-therapie-descouleurs.fr\/wp-content\/uploads\/2024\/09\/Design-sans-titre-3-300x240.png 300w, https:\/\/art-et-therapie-descouleurs.fr\/wp-content\/uploads\/2024\/09\/Design-sans-titre-3-768x614.png 768w\" sizes=\"(max-width: 1000px) 100vw, 1000px\" \/>\t\t\t\t\t\t\t\t\t\t\t\t\t<\/div>\n\t\t\t\t<\/div>\n\t\t\t\t<div class=\"elementor-element elementor-element-a867e66 elementor-widget elementor-widget-text-editor\" data-id=\"a867e66\" data-element_type=\"widget\" data-widget_type=\"text-editor.default\">\n\t\t\t\t<div class=\"elementor-widget-container\">\n\t\t\t\t\t\t\t<p>Exp\u00e9rience ludique et cr\u00e9ative qui permet la coop\u00e9ration entre les membres de l&rsquo;\u00e9quipe.<\/p>\t\t\t\t\t\t<\/div>\n\t\t\t\t<\/div>\n\t\t\t\t<\/div>\n\t\t\t\t\t<\/div>\n\t\t\t\t<\/div>\n\t\t<div class=\"elementor-element elementor-element-84cf741 e-flex e-con-boxed e-con e-parent\" data-id=\"84cf741\" data-element_type=\"container\">\n\t\t\t\t\t<div class=\"e-con-inner\">\n\t\t\t\t<div class=\"elementor-element elementor-element-1ff7b0c elementor-view-default elementor-widget elementor-widget-icon\" data-id=\"1ff7b0c\" data-element_type=\"widget\" data-widget_type=\"icon.default\">\n\t\t\t\t<div class=\"elementor-widget-container\">\n\t\t\t\t\t<div class=\"elementor-icon-wrapper\">\n\t\t\t<div class=\"elementor-icon\">\n\t\t\t<svg aria-hidden=\"true\" class=\"e-font-icon-svg e-fas-star\" viewBox=\"0 0 576 512\" xmlns=\"http:\/\/www.w3.org\/2000\/svg\"><path d=\"M259.3 17.8L194 150.2 47.9 171.5c-26.2 3.8-36.7 36.1-17.7 54.6l105.7 103-25 145.5c-4.5 26.3 23.2 46 46.4 33.7L288 439.6l130.7 68.7c23.2 12.2 50.9-7.4 46.4-33.7l-25-145.5 105.7-103c19-18.5 8.5-50.8-17.7-54.6L382 150.2 316.7 17.8c-11.7-23.6-45.6-23.9-57.4 0z\"><\/path><\/svg>\t\t\t<\/div>\n\t\t<\/div>\n\t\t\t\t<\/div>\n\t\t\t\t<\/div>\n\t\t\t\t\t<\/div>\n\t\t\t\t<\/div>\n\t\t\t\t<\/div>\n\t\t","protected":false},"excerpt":{"rendered":"<p>Interventions ext\u00e9rieures Quels domaines d&rsquo;interventions ? S\u00e9ances collectives d&rsquo;art-th\u00e9rapie en institutions et collectivit\u00e9s Animation et m\u00e9diation, enfants et famille pour vos \u00e9v\u00e8nements Et pour vos \u00e9v\u00e8nements d&rsquo;entreprises&#8230; R\u00e9alisation d&rsquo;une fresque d&rsquo;entreprise avec Wakanda coach. Site : https:\/\/Wakanda.coach.fr Art-th\u00e9rapie S\u00e9ances Art-th\u00e9rapie Seniors S\u00e9ances Art-th\u00e9rapie Adoslescents S\u00e9ances Art-th\u00e9rapie \u00ab\u00a0tout public\u00a0\u00bb Arts-plastiques Animation et m\u00e9diation artistique enfants Atelier [&hellip;]<\/p>\n","protected":false},"author":1,"featured_media":0,"parent":0,"menu_order":0,"comment_status":"closed","ping_status":"closed","template":"elementor_header_footer","meta":{"footnotes":""},"class_list":["post-44","page","type-page","status-publish","hentry","entry"],"aioseo_notices":[],"_links":{"self":[{"href":"https:\/\/art-et-therapie-descouleurs.fr\/index.php\/wp-json\/wp\/v2\/pages\/44","targetHints":{"allow":["GET"]}}],"collection":[{"href":"https:\/\/art-et-therapie-descouleurs.fr\/index.php\/wp-json\/wp\/v2\/pages"}],"about":[{"href":"https:\/\/art-et-therapie-descouleurs.fr\/index.php\/wp-json\/wp\/v2\/types\/page"}],"author":[{"embeddable":true,"href":"https:\/\/art-et-therapie-descouleurs.fr\/index.php\/wp-json\/wp\/v2\/users\/1"}],"replies":[{"embeddable":true,"href":"https:\/\/art-et-therapie-descouleurs.fr\/index.php\/wp-json\/wp\/v2\/comments?post=44"}],"version-history":[{"count":97,"href":"https:\/\/art-et-therapie-descouleurs.fr\/index.php\/wp-json\/wp\/v2\/pages\/44\/revisions"}],"predecessor-version":[{"id":749,"href":"https:\/\/art-et-therapie-descouleurs.fr\/index.php\/wp-json\/wp\/v2\/pages\/44\/revisions\/749"}],"wp:attachment":[{"href":"https:\/\/art-et-therapie-descouleurs.fr\/index.php\/wp-json\/wp\/v2\/media?parent=44"}],"curies":[{"name":"wp","href":"https:\/\/api.w.org\/{rel}","templated":true}]}}